{"id":34488,"date":"2025-07-03T08:39:26","date_gmt":"2025-07-03T08:39:26","guid":{"rendered":"https:\/\/vida.org.pt\/?page_id=34488"},"modified":"2025-07-03T09:41:33","modified_gmt":"2025-07-03T09:41:33","slug":"doacao","status":"publish","type":"page","link":"https:\/\/vida.org.pt\/en\/doacao\/","title":{"rendered":"(Portugu\u00eas) Doa\u00e7\u00e3o"},"content":{"rendered":"<p class=\"qtranxs-available-languages-message qtranxs-available-languages-message-en\">Sorry, this entry is only available in <a href=\"https:\/\/vida.org.pt\/pt\/wp-json\/wp\/v2\/pages\/34488\" class=\"qtranxs-available-language-link qtranxs-available-language-link-pt\" title=\"Portugu\u00eas\">Portugu\u00eas<\/a>.<\/p>","protected":false},"excerpt":{"rendered":"<p>Sorry, this entry is only available in Portugu\u00eas.<\/p>\n","protected":false},"author":1,"featured_media":0,"parent":0,"menu_order":0,"comment_status":"closed","ping_status":"closed","template":"","meta":{"_et_pb_use_builder":"off","_et_pb_old_content":"","_et_gb_content_width":"","_monsterinsights_skip_tracking":false,"_monsterinsights_sitenote_active":false,"_monsterinsights_sitenote_note":"","_monsterinsights_sitenote_category":0,"footnotes":""},"class_list":["post-34488","page","type-page","status-publish","hentry"],"_links":{"self":[{"href":"https:\/\/vida.org.pt\/en\/wp-json\/wp\/v2\/pages\/34488","targetHints":{"allow":["GET"]}}],"collection":[{"href":"https:\/\/vida.org.pt\/en\/wp-json\/wp\/v2\/pages"}],"about":[{"href":"https:\/\/vida.org.pt\/en\/wp-json\/wp\/v2\/types\/page"}],"author":[{"embeddable":true,"href":"https:\/\/vida.org.pt\/en\/wp-json\/wp\/v2\/users\/1"}],"replies":[{"embeddable":true,"href":"https:\/\/vida.org.pt\/en\/wp-json\/wp\/v2\/comments?post=34488"}],"version-history":[{"count":5,"href":"https:\/\/vida.org.pt\/en\/wp-json\/wp\/v2\/pages\/34488\/revisions"}],"predecessor-version":[{"id":34493,"href":"https:\/\/vida.org.pt\/en\/wp-json\/wp\/v2\/pages\/34488\/revisions\/34493"}],"wp:attachment":[{"href":"https:\/\/vida.org.pt\/en\/wp-json\/wp\/v2\/media?parent=34488"}],"curies":[{"name":"wp","href":"https:\/\/api.w.org\/{rel}","templated":true}]}}