{"id":32711,"date":"2023-08-22T14:41:39","date_gmt":"2023-08-22T14:41:39","guid":{"rendered":"https:\/\/vida.org.pt\/?page_id=32711"},"modified":"2026-01-22T08:36:55","modified_gmt":"2026-01-22T08:36:55","slug":"cdcd-djabula","status":"publish","type":"page","link":"https:\/\/vida.org.pt\/en\/cdcd-djabula\/","title":{"rendered":"(Portugu\u00eas) Centro de Desenvolvimento Comunit\u00e1rio e Ambiental de Djabula"},"content":{"rendered":"<p>[et_pb_section fb_built=&#8221;1&#8243; fullwidth=&#8221;on&#8221; _builder_version=&#8221;4.9.3&#8243; _module_preset=&#8221;default&#8221;][et_pb_fullwidth_image src=&#8221;http:\/\/vida.org.pt\/wp-content\/uploads\/2023\/08\/CDCD_2023-2-1-scaled.jpg&#8221; title_text=&#8221;CDCD_2023 (2)&#8221; _builder_version=&#8221;4.9.3&#8243; _module_preset=&#8221;default&#8221;][\/et_pb_fullwidth_image][\/et_pb_section][et_pb_section fb_built=&#8221;1&#8243; admin_label=&#8221;section&#8221; _builder_version=&#8221;3.22&#8243; custom_padding=&#8221;||0px|||&#8221;][et_pb_row _builder_version=&#8221;4.9.3&#8243; _module_preset=&#8221;default&#8221; custom_padding=&#8221;||23px|||&#8221; animation_style=&#8221;slide&#8221; animation_duration=&#8221;500ms&#8221;][et_pb_column type=&#8221;4_4&#8243; _builder_version=&#8221;4.9.3&#8243; _module_preset=&#8221;default&#8221;][et_pb_text _builder_version=&#8221;4.9.3&#8243; _module_preset=&#8221;default&#8221; header_font=&#8221;|700|||||||&#8221; custom_padding=&#8221;2px|||||&#8221;]<\/p>\n<h1 style=\"text-align: center;\">Centro de Desenvolvimento Comunit\u00e1rio e Ambiental de Djabula<\/h1>\n<p>[\/et_pb_text][et_pb_divider color=&#8221;#5e5e5e&#8221; _builder_version=&#8221;4.9.3&#8243; _module_preset=&#8221;default&#8221; min_height=&#8221;9.4px&#8221; custom_margin=&#8221;15px|||||&#8221;][\/et_pb_divider][et_pb_text _builder_version=&#8221;4.9.3&#8243; _module_preset=&#8221;default&#8221; custom_margin=&#8221;-14px|||||&#8221;]<\/p>\n<h3 style=\"text-align: center;\">Desde 2003 a criar inova\u00e7\u00e3o e a partilhar conhecimento<\/h3>\n<p>[\/et_pb_text][et_pb_divider color=&#8221;#5e5e5e&#8221; _builder_version=&#8221;4.9.3&#8243; _module_preset=&#8221;default&#8221; min_height=&#8221;9.4px&#8221; custom_margin=&#8221;15px|||||&#8221;][\/et_pb_divider][\/et_pb_column][\/et_pb_row][et_pb_row column_structure=&#8221;1_2,1_2&#8243; _builder_version=&#8221;4.9.3&#8243; _module_preset=&#8221;default&#8221; custom_padding=&#8221;25px|||||&#8221;][et_pb_column type=&#8221;1_2&#8243; _builder_version=&#8221;4.9.3&#8243; _module_preset=&#8221;default&#8221;][et_pb_text _builder_version=&#8221;4.9.3&#8243; _module_preset=&#8221;default&#8221; text_font=&#8221;||||||||&#8221; min_height=&#8221;130.3px&#8221; custom_margin=&#8221;1px|||||&#8221;]<\/p>\n<p style=\"text-align: justify;\">O <strong>Centro de Desenvolvimento Comunit\u00e1rio e Ambiental de Djabula (CDCD)<\/strong>, constru\u00eddo em 2003, fica no cora\u00e7\u00e3o de Matutuine, o distrito mais a sul de Mo\u00e7ambique, <span>e \u00e9 cogerido pela VIDA e pela Associa\u00e7\u00e3o Pfukani Djabula<\/span>. Situa-se na <strong>aldeia de Djabula<\/strong>, <span>acess\u00edvel atrav\u00e9s de um caminho aberto pela VIDA em 1999, que dista 30 km da estrada principal. <\/span><\/p>\n<p style=\"text-align: justify;\"><span>O <strong>CDCD<\/strong> \u00e9 cont\u00edguo \u00e0 <strong>Reserva Florestal de Licuati<\/strong>, proporcionando aos seus visitantes uma imers\u00e3o profunda na paisagem natural e humana, onde ainda \u00e9 poss\u00edvel vivenciar a conex\u00e3o entre o ser humano e a natureza e a sua interdepend\u00eancia. O local perfeito para sentir a Terra como um organismo vivo e a import\u00e2ncia do papel de cada um na sua conserva\u00e7\u00e3o.<\/span><\/p>\n<p style=\"text-align: justify;\">\u00c9 considerado pelas associa\u00e7\u00f5es do distrito o <strong>n\u00facleo agregador da UAAMAT <\/strong>\u2013 Uni\u00e3o das Associa\u00e7\u00f5es Agr\u00e1rias de Matutu\u00edne, e tem funcionado igualmente como <strong>p\u00f3lo de forma\u00e7\u00e3o de jovens e adultos de todo o distrito <\/strong>e como<strong> centro de investiga\u00e7\u00e3o comunit\u00e1ria,<\/strong> a partir do qual t\u00eam sido desenvolvidos v\u00e1rios pilotos de boas pr\u00e1ticas em temas como a agroecologia e a conserva\u00e7\u00e3o da biodiversidade em ecossistemas semi\u00e1ridos como \u00e9 o caso de Matutuine. <span>O <strong>CDCD<\/strong> \u00e9 igualmente um espa\u00e7o <strong>aberto a institui\u00e7\u00f5es de ensino e a investigadores\/as<\/strong> interessados\/as nestes temas.<\/span><\/p>\n<p>[\/et_pb_text][\/et_pb_column][et_pb_column type=&#8221;1_2&#8243; _builder_version=&#8221;4.9.3&#8243; _module_preset=&#8221;default&#8221;][et_pb_image src=&#8221;https:\/\/vida.org.pt\/wp-content\/uploads\/2023\/10\/WhatsApp-Image-2023-10-23-at-14.52.08-1.jpg&#8221; title_text=&#8221;WhatsApp Image 2023-10-23 at 14.52.08 (1)&#8221; _builder_version=&#8221;4.9.3&#8243; _module_preset=&#8221;default&#8221; custom_padding=&#8221;3px|||||&#8221;][\/et_pb_image][\/et_pb_column][\/et_pb_row][\/et_pb_section][et_pb_section fb_built=&#8221;1&#8243; prev_background_color=&#8221;#ffffff&#8221; _builder_version=&#8221;4.9.3&#8243; _module_preset=&#8221;default&#8221; background_color=&#8221;rgba(234,117,0,0.33)&#8221; custom_margin=&#8221;43px|||||&#8221; top_divider_style=&#8221;wave&#8221; top_divider_height=&#8221;17px&#8221;][et_pb_row column_structure=&#8221;1_3,2_3&#8243; use_custom_gutter=&#8221;on&#8221; make_equal=&#8221;on&#8221; _builder_version=&#8221;4.9.3&#8243; _module_preset=&#8221;default&#8221; width=&#8221;100%&#8221; max_width=&#8221;1086px&#8221; module_alignment=&#8221;center&#8221; max_height=&#8221;1000px&#8221; custom_margin=&#8221;-17px|293px|-29px|357px||&#8221; animation_style=&#8221;slide&#8221; animation_duration=&#8221;500ms&#8221; animation_intensity_slide=&#8221;38%&#8221;][et_pb_column type=&#8221;1_3&#8243; _builder_version=&#8221;4.9.3&#8243; _module_preset=&#8221;default&#8221;][et_pb_image src=&#8221;http:\/\/vida.org.pt\/wp-content\/uploads\/2023\/08\/IMG_1378-scaled.jpg&#8221; title_text=&#8221;IMG_1378&#8243; _builder_version=&#8221;4.9.3&#8243; _module_preset=&#8221;default&#8221; module_alignment=&#8221;center&#8221; custom_margin=&#8221;||0px||false|false&#8221;][\/et_pb_image][\/et_pb_column][et_pb_column type=&#8221;2_3&#8243; _builder_version=&#8221;4.9.3&#8243; _module_preset=&#8221;default&#8221;][et_pb_text _builder_version=&#8221;4.9.3&#8243; _module_preset=&#8221;default&#8221; text_font=&#8221;||||||||&#8221; text_text_color=&#8221;#494949&#8243; text_font_size=&#8221;16px&#8221; module_alignment=&#8221;center&#8221; custom_margin=&#8221;||||false|false&#8221; custom_padding=&#8221;75px|0px|0px||false|false&#8221;]<\/p>\n<p>O CDCD n\u00e3o \u00e9 apenas um espa\u00e7o f\u00edsico; \u00e9 uma forma de estar e de trabalhar em comunidade, onde cada pessoa \u00e9 o centro do Desenvolvimento, participando em todas as etapas dos projetos, seja em comunidade ou em grupos mais pequenos que expressam posi\u00e7\u00f5es comuns de forma democr\u00e1tica. Os projetos s\u00e3o hol\u00edsticos e integrados.\u00a0<\/p>\n<p>[\/et_pb_text][\/et_pb_column][\/et_pb_row][\/et_pb_section][et_pb_section fb_built=&#8221;1&#8243; prev_background_color=&#8221;rgba(234,117,0,0.33)&#8221; _builder_version=&#8221;4.9.3&#8243; _module_preset=&#8221;default&#8221; background_color=&#8221;rgba(249,170,42,0.29)&#8221; top_divider_style=&#8221;mountains2&#8243; top_divider_height=&#8221;39px&#8221;][et_pb_row column_structure=&#8221;1_3,2_3&#8243; use_custom_gutter=&#8221;on&#8221; make_equal=&#8221;on&#8221; _builder_version=&#8221;4.9.3&#8243; _module_preset=&#8221;default&#8221; width=&#8221;100%&#8221; max_width=&#8221;1086px&#8221; module_alignment=&#8221;center&#8221; max_height=&#8221;1000px&#8221; custom_margin=&#8221;-17px|293px|-29px|357px||&#8221; animation_style=&#8221;slide&#8221; animation_duration=&#8221;500ms&#8221; animation_intensity_slide=&#8221;38%&#8221;][et_pb_column type=&#8221;1_3&#8243; _builder_version=&#8221;4.9.3&#8243; _module_preset=&#8221;default&#8221;][et_pb_image src=&#8221;https:\/\/vida.org.pt\/wp-content\/uploads\/2025\/03\/IMG_3224-scaled.jpg&#8221; title_text=&#8221;IMG_3224&#8243; _builder_version=&#8221;4.9.3&#8243; _module_preset=&#8221;default&#8221; module_alignment=&#8221;center&#8221; custom_margin=&#8221;||0px||false|false&#8221;][\/et_pb_image][\/et_pb_column][et_pb_column type=&#8221;2_3&#8243; _builder_version=&#8221;4.9.3&#8243; _module_preset=&#8221;default&#8221;][et_pb_text _builder_version=&#8221;4.9.3&#8243; _module_preset=&#8221;default&#8221; text_font=&#8221;||||||||&#8221; text_text_color=&#8221;#494949&#8243; text_font_size=&#8221;16px&#8221; module_alignment=&#8221;center&#8221; custom_margin=&#8221;||||false|false&#8221; custom_padding=&#8221;66px|0px|0px||false|false&#8221;]<\/p>\n<p>A partir deste territ\u00f3rio e espa\u00e7o comum, t\u00eam sido desenvolvidas solu\u00e7\u00f5es &#8211; habita\u00e7\u00e3o melhorada, acesso a \u00e1gua pot\u00e1vel, forma\u00e7\u00e3o em gest\u00e3o agr\u00edcola e pecu\u00e1ria, acesso a insumos agr\u00edcolas, apoio \u00e0 cria\u00e7\u00e3o de associa\u00e7\u00f5es locais &#8211; com o apoio de universidades, institutos de investiga\u00e7\u00e3o, autoridades locais e t\u00e9cnicos, que podem ser adaptadas por comunidades e regi\u00f5es vizinhas.<\/p>\n<p>[\/et_pb_text][\/et_pb_column][\/et_pb_row][\/et_pb_section][et_pb_section fb_built=&#8221;1&#8243; prev_background_color=&#8221;rgba(249,170,42,0.29)&#8221; next_background_color=&#8221;#ffffff&#8221; _builder_version=&#8221;4.9.3&#8243; _module_preset=&#8221;default&#8221; background_color=&#8221;rgba(188,9,0,0.19)&#8221; top_divider_style=&#8221;mountains2&#8243; top_divider_height=&#8221;39px&#8221; bottom_divider_style=&#8221;wave&#8221; bottom_divider_height=&#8221;17px&#8221;][et_pb_row column_structure=&#8221;1_3,2_3&#8243; use_custom_gutter=&#8221;on&#8221; make_equal=&#8221;on&#8221; _builder_version=&#8221;4.9.3&#8243; _module_preset=&#8221;default&#8221; width=&#8221;100%&#8221; max_width=&#8221;1086px&#8221; module_alignment=&#8221;center&#8221; max_height=&#8221;1000px&#8221; custom_margin=&#8221;-17px|293px|-29px|357px||&#8221; animation_style=&#8221;slide&#8221; animation_duration=&#8221;500ms&#8221; animation_intensity_slide=&#8221;38%&#8221;][et_pb_column type=&#8221;1_3&#8243; _builder_version=&#8221;4.9.3&#8243; _module_preset=&#8221;default&#8221;][et_pb_image src=&#8221;https:\/\/vida.org.pt\/wp-content\/uploads\/2023\/08\/Formacao-turismo-sustentavel_23-ago-Semana-Ativa-14.jpg&#8221; title_text=&#8221;Formacao turismo sustentavel_23 ago Semana Ativa (14)&#8221; _builder_version=&#8221;4.9.3&#8243; _module_preset=&#8221;default&#8221; module_alignment=&#8221;center&#8221; custom_margin=&#8221;||0px||false|false&#8221;][\/et_pb_image][\/et_pb_column][et_pb_column type=&#8221;2_3&#8243; _builder_version=&#8221;4.9.3&#8243; _module_preset=&#8221;default&#8221;][et_pb_text _builder_version=&#8221;4.9.3&#8243; _module_preset=&#8221;default&#8221; text_font=&#8221;||||||||&#8221; text_text_color=&#8221;#494949&#8243; text_font_size=&#8221;16px&#8221; module_alignment=&#8221;center&#8221; custom_margin=&#8221;||||false|false&#8221; custom_padding=&#8221;76px|0px|0px||false|false&#8221;]<\/p>\n<p>Recolhemos indicadores como a seguran\u00e7a alimentar, a produtividade agr\u00edcola, o rendimento familiar e informa\u00e7\u00e3o cont\u00ednua junto das fam\u00edlias e comunidades, que nos ajudam a compreender os impactos nas suas vidas di\u00e1rias. Com estas ferramentas, juntos podemos analisar processos, constrangimentos e resultados alcan\u00e7ados, e construir caminhos que libertam da pobreza extrema.<\/p>\n<p>[\/et_pb_text][\/et_pb_column][\/et_pb_row][\/et_pb_section][et_pb_section fb_built=&#8221;1&#8243; _builder_version=&#8221;4.9.3&#8243; _module_preset=&#8221;default&#8221;][et_pb_row column_structure=&#8221;1_3,1_3,1_3&#8243; _builder_version=&#8221;4.9.3&#8243; _module_preset=&#8221;default&#8221; animation_style=&#8221;zoom&#8221; animation_duration=&#8221;50ms&#8221; animation_intensity_zoom=&#8221;56%&#8221;][et_pb_column type=&#8221;1_3&#8243; admin_label=&#8221;Marca Djabula&#8221; _builder_version=&#8221;4.9.3&#8243; _module_preset=&#8221;default&#8221; background_color=&#8221;#bc0900&#8243; border_radii=&#8221;on|3px|3px|3px|3px&#8221; border_width_all=&#8221;32px&#8221; border_color_all=&#8221;#bc0900&#8243;][et_pb_text _builder_version=&#8221;4.9.3&#8243; _module_preset=&#8221;default&#8221; text_text_color=&#8221;#FFFFFF&#8221; header_text_color=&#8221;#FFFFFF&#8221; header_3_text_color=&#8221;#FFFFFF&#8221; header_3_letter_spacing=&#8221;2px&#8221; border_color_all=&#8221;#e02b20&#8243;]<\/p>\n<h3 style=\"text-align: center;\"><strong>MARCA DJABULA<\/strong><\/h3>\n<p>[\/et_pb_text][et_pb_text _builder_version=&#8221;4.9.3&#8243; _module_preset=&#8221;default&#8221; header_text_color=&#8221;#FFFFFF&#8221; header_4_text_color=&#8221;#FFFFFF&#8221; header_4_font_size=&#8221;17px&#8221; header_4_letter_spacing=&#8221;1px&#8221; custom_padding=&#8221;||22px|||&#8221;]<\/p>\n<h4 style=\"text-align: center;\">TRADI\u00c7\u00c3O E NATUREZA<\/h4>\n<p>[\/et_pb_text][et_pb_text _builder_version=&#8221;4.9.3&#8243; _module_preset=&#8221;default&#8221; text_text_color=&#8221;#ffffff&#8221; min_height=&#8221;236.1px&#8221; custom_margin=&#8221;34px|||||&#8221; custom_padding=&#8221;||23px|||&#8221;]<\/p>\n<p style=\"text-align: center;\">Neg\u00f3cio de base comunit\u00e1ria<\/p>\n<p style=\"text-align: center;\">Empoderamento das mulheres<\/p>\n<p style=\"text-align: center;\">Artesanato amigo do Ambiente<\/p>\n<p style=\"text-align: center;\">Tradi\u00e7\u00f5es \u00fanicas combinadas com t\u00e9cnicas inovadoras<\/p>\n<p style=\"text-align: center;\">Fonte de rendimento local<\/p>\n<p style=\"text-align: center;\">Estabelecimento de rede comercial para artes\u00e3os rurais<\/p>\n<p>[\/et_pb_text][et_pb_social_media_follow follow_button=&#8221;on&#8221; icon_color=&#8221;#FFFFFF&#8221; use_icon_font_size=&#8221;on&#8221; icon_font_size=&#8221;17px&#8221; _builder_version=&#8221;4.9.3&#8243; _module_preset=&#8221;default&#8221; custom_button=&#8221;on&#8221; button_text_color=&#8221;#FFFFFF&#8221; button_bg_color=&#8221;#e07570&#8243; text_orientation=&#8221;center&#8221; min_height=&#8221;46px&#8221; custom_margin=&#8221;42px|||||&#8221; custom_padding=&#8221;||26px|||&#8221;][et_pb_social_media_follow_network social_network=&#8221;facebook&#8221; url=&#8221;http:\/\/facebook.com\/marcadjabula&#8221; _builder_version=&#8221;4.9.3&#8243; _module_preset=&#8221;default&#8221; background_color=&#8221;#3b5998&#8243; follow_button=&#8221;on&#8221; url_new_window=&#8221;on&#8221;]facebook[\/et_pb_social_media_follow_network][et_pb_social_media_follow_network social_network=&#8221;instagram&#8221; url=&#8221;http:\/\/instagram.com\/marcadjabula&#8221; _builder_version=&#8221;4.9.3&#8243; _module_preset=&#8221;default&#8221; background_color=&#8221;#ea2c59&#8243; follow_button=&#8221;on&#8221; url_new_window=&#8221;on&#8221;]instagram[\/et_pb_social_media_follow_network][\/et_pb_social_media_follow][\/et_pb_column][et_pb_column type=&#8221;1_3&#8243; admin_label=&#8221;Formacao longo vida&#8221; _builder_version=&#8221;4.9.3&#8243; _module_preset=&#8221;default&#8221; background_color=&#8221;#f48600&#8243; border_radii=&#8221;on|3px|3px|3px|3px&#8221; border_width_all=&#8221;32px&#8221; border_color_all=&#8221;#f48600&#8243;][et_pb_text _builder_version=&#8221;4.9.3&#8243; _module_preset=&#8221;default&#8221; text_text_color=&#8221;#FFFFFF&#8221; header_text_color=&#8221;#FFFFFF&#8221; header_3_text_color=&#8221;#FFFFFF&#8221; header_3_letter_spacing=&#8221;2px&#8221; border_color_all=&#8221;#e02b20&#8243;]<\/p>\n<h3 style=\"text-align: center;\"><strong>FORMA\u00c7\u00c3O AO LONGO DA VIDA<\/strong><\/h3>\n<p>[\/et_pb_text][et_pb_text _builder_version=&#8221;4.9.3&#8243; _module_preset=&#8221;default&#8221; header_text_color=&#8221;#FFFFFF&#8221; header_4_text_color=&#8221;#FFFFFF&#8221; header_4_font_size=&#8221;17px&#8221; header_4_letter_spacing=&#8221;1px&#8221; custom_padding=&#8221;||1px|||&#8221;]<\/p>\n<h4 style=\"text-align: center;\">CURSO PARA EMPREENDEDORES LOCAIS<\/h4>\n<p>[\/et_pb_text][et_pb_text _builder_version=&#8221;4.9.3&#8243; _module_preset=&#8221;default&#8221; text_text_color=&#8221;#ffffff&#8221; min_height=&#8221;84.1px&#8221; custom_margin=&#8221;23px|||||&#8221; custom_padding=&#8221;||9px|||&#8221;]<\/p>\n<p style=\"text-align: center;\">Cursos de agricultura, seguran\u00e7a alimentar e nutri\u00e7\u00e3o familiar, gest\u00e3o de pequeno neg\u00f3cio e empreendedorismo, gest\u00e3o e capacidade institucional para associa\u00e7\u00f5es rurais<\/p>\n<p style=\"text-align: center;\">Ensaios agr\u00edcolas para testar variedades de culturas com Institutos de Investiga\u00e7\u00e3o Agr\u00edcola<\/p>\n<p style=\"text-align: center;\">Campos de demonstra\u00e7\u00e3o com culturas locais e introduzidas &#8211; Campo-escola para as fam\u00edlias<\/p>\n<p style=\"text-align: center;\">Local de encontro para grupos e associa\u00e7\u00f5es (25 associa\u00e7\u00f5es rurais de Matutuine atualmente benefici\u00e1rias)<\/p>\n<p>[\/et_pb_text][\/et_pb_column][et_pb_column type=&#8221;1_3&#8243; admin_label=&#8221;centro investig ambiental&#8221; _builder_version=&#8221;4.9.3&#8243; _module_preset=&#8221;default&#8221; background_color=&#8221;#f4a422&#8243; border_radii=&#8221;on|3px|3px|3px|3px&#8221; border_width_all=&#8221;32px&#8221; border_color_all=&#8221;#f4a422&#8243;][et_pb_text _builder_version=&#8221;4.9.3&#8243; _module_preset=&#8221;default&#8221; text_text_color=&#8221;#FFFFFF&#8221; header_text_color=&#8221;#FFFFFF&#8221; header_3_text_color=&#8221;#FFFFFF&#8221; header_3_letter_spacing=&#8221;2px&#8221; border_color_all=&#8221;#e02b20&#8243;]<\/p>\n<h3 style=\"text-align: center;\"><strong>CENTRO DE INVESTIGA\u00c7\u00c3O AMBIENTAL<\/strong><\/h3>\n<p>[\/et_pb_text][et_pb_text _builder_version=&#8221;4.9.3&#8243; _module_preset=&#8221;default&#8221; header_text_color=&#8221;#FFFFFF&#8221; header_4_text_color=&#8221;#FFFFFF&#8221; header_4_font_size=&#8221;17px&#8221; header_4_letter_spacing=&#8221;1px&#8221; custom_padding=&#8221;||1px|||&#8221;]<\/p>\n<h4 style=\"text-align: center;\">PROMO\u00c7\u00c3O DE SOLU\u00c7\u00d5ES DE RESILI\u00caNCIA<\/h4>\n<p>[\/et_pb_text][et_pb_text _builder_version=&#8221;4.9.3&#8243; _module_preset=&#8221;default&#8221; text_text_color=&#8221;#ffffff&#8221; min_height=&#8221;236.1px&#8221;]<\/p>\n<p style=\"text-align: center;\">Cursos de gest\u00e3o sustent\u00e1vel dos recursos naturais<\/p>\n<p style=\"text-align: center;\">Ensaios para recupera\u00e7\u00e3o de floresta e de esp\u00e9cies nativas<\/p>\n<p style=\"text-align: center;\">Viveiros de fruteiras e esp\u00e9cies nativas para promover a seguran\u00e7a alimentar e resili\u00eancia das fam\u00edlias<\/p>\n<p style=\"text-align: center;\">Pilotos de boas pr\u00e1ticas para promo\u00e7\u00e3o da biodiversidade e conserva\u00e7\u00e3o de ecossistemas semi\u00e1ridos<\/p>\n<p style=\"text-align: center;\">Parcerias com Institutos de Investiga\u00e7\u00e3o Ambiental e est\u00e1gios para estudantes do ensino superior e m\u00e9dio<\/p>\n<p>[\/et_pb_text][\/et_pb_column][\/et_pb_row][et_pb_row column_structure=&#8221;1_2,1_2&#8243; _builder_version=&#8221;4.9.3&#8243; _module_preset=&#8221;default&#8221;][et_pb_column type=&#8221;1_2&#8243; _builder_version=&#8221;4.9.3&#8243; _module_preset=&#8221;default&#8221;][et_pb_gallery gallery_ids=&#8221;33991,34004,32990,32724&#8243; fullwidth=&#8221;on&#8221; _builder_version=&#8221;4.9.3&#8243; _module_preset=&#8221;default&#8221;][\/et_pb_gallery][\/et_pb_column][et_pb_column type=&#8221;1_2&#8243; _builder_version=&#8221;4.9.3&#8243; _module_preset=&#8221;default&#8221;][et_pb_gallery gallery_ids=&#8221;33992,33975,31255,31248,31074&#8243; fullwidth=&#8221;on&#8221; _builder_version=&#8221;4.9.3&#8243; _module_preset=&#8221;default&#8221;][\/et_pb_gallery][\/et_pb_column][\/et_pb_row][et_pb_row _builder_version=&#8221;4.9.3&#8243; _module_preset=&#8221;default&#8221;][et_pb_column type=&#8221;4_4&#8243; _builder_version=&#8221;4.9.3&#8243; _module_preset=&#8221;default&#8221;][et_pb_slider use_bg_overlay=&#8221;on&#8221; use_text_overlay=&#8221;on&#8221; text_border_radius=&#8221;2px&#8221; _builder_version=&#8221;4.9.3&#8243; _module_preset=&#8221;default&#8221; header_level=&#8221;h3&#8243;][et_pb_slide heading=&#8221;Marca Djabula&#8221; button_text=&#8221;Conhe\u00e7a mais&#8221; button_link=&#8221;https:\/\/vida.org.pt\/marca-comunitaria-djabula\/&#8221; _builder_version=&#8221;4.9.3&#8243; _module_preset=&#8221;default&#8221; header_font_size=&#8221;38px&#8221; use_background_color_gradient=&#8221;on&#8221; background_image=&#8221;https:\/\/vida.org.pt\/wp-content\/uploads\/2023\/08\/EDP53_site-vida-scaled.jpg&#8221; background_enable_image=&#8221;on&#8221; custom_button=&#8221;on&#8221; button_text_size=&#8221;18px&#8221; width=&#8221;74%&#8221; max_width=&#8221;88%&#8221; custom_padding=&#8221;|0px||0px|false|false&#8221; link_option_url_new_window=&#8221;on&#8221; sticky_transition=&#8221;on&#8221;]<\/p>\n<p><span>O CDCD foi a a casa que viu crescer a\u00a0<\/span>Marca Djabula<span>\u00a0criada pelas fam\u00edlias da Associa\u00e7\u00e3o Pfukani Djabula. \u00c9 uma marca de artesanato de base comunit\u00e1ria que, combinando tradi\u00e7\u00f5es \u00fanicas e t\u00e9cnicas inovadoras, constitui uma fonte mais sustent\u00e1vel de rendimento local.<\/span><\/p>\n<p>[\/et_pb_slide][\/et_pb_slider][\/et_pb_column][\/et_pb_row][et_pb_row column_structure=&#8221;1_2,1_2&#8243; _builder_version=&#8221;4.9.3&#8243; _module_preset=&#8221;default&#8221;][et_pb_column type=&#8221;1_2&#8243; _builder_version=&#8221;4.9.3&#8243; _module_preset=&#8221;default&#8221;][et_pb_code _builder_version=&#8221;4.9.3&#8243; _module_preset=&#8221;default&#8221;]<iframe src=\"https:\/\/www.google.com\/maps\/embed?pb=!1m18!1m12!1m3!1d7137.767332647206!2d32.3813071019396!3d-26.556004918067444!2m3!1f0!2f0!3f0!3m2!1i1024!2i768!4f13.1!3m3!1m2!1s0x1ee44bc68326be93%3A0x526d8af81922f520!2sVIDA%20-%20Centro%20Desenvolvimento%20Comunit%C3%A1rio%20Djabula!5e0!3m2!1spt-PT!2spt!4v1741800514364!5m2!1spt-PT!2spt\" width=\"400\" height=\"300\" style=\"border:0;\" allowfullscreen=\"\" loading=\"lazy\" referrerpolicy=\"no-referrer-when-downgrade\"><\/iframe>[\/et_pb_code][\/et_pb_column][et_pb_column type=&#8221;1_2&#8243; _builder_version=&#8221;4.9.3&#8243; _module_preset=&#8221;default&#8221;][et_pb_text _builder_version=&#8221;4.9.3&#8243; _module_preset=&#8221;default&#8221; text_font=&#8221;|700|||||||&#8221; text_font_size=&#8221;21px&#8221;]<\/p>\n<p>Contactos:<\/p>\n<p>[\/et_pb_text][et_pb_text _builder_version=&#8221;4.9.3&#8243; _module_preset=&#8221;default&#8221; text_font_size=&#8221;15px&#8221; custom_margin=&#8221;38px|||||&#8221; hover_enabled=&#8221;0&#8243; sticky_enabled=&#8221;0&#8243;]<\/p>\n<p><strong>Ernesto Tembe |<\/strong> Associa\u00e7\u00e3o Pfukane Djabula<br \/>(+258) 875 803 435<\/p>\n<p>[\/et_pb_text][\/et_pb_column][\/et_pb_row][\/et_pb_section]<\/p>\n","protected":false},"excerpt":{"rendered":"<p>[et_pb_section fb_built=&#8221;1&#8243; fullwidth=&#8221;on&#8221; _builder_version=&#8221;4.9.3&#8243; _module_preset=&#8221;default&#8221;][et_pb_fullwidth_image src=&#8221;http:\/\/vida.org.pt\/wp-content\/uploads\/2023\/08\/CDCD_2023-2-1-scaled.jpg&#8221; title_text=&#8221;CDCD_2023 (2)&#8221; _builder_version=&#8221;4.9.3&#8243; _module_preset=&#8221;default&#8221;][\/et_pb_fullwidth_image][\/et_pb_section][et_pb_section fb_built=&#8221;1&#8243; admin_label=&#8221;section&#8221; _builder_version=&#8221;3.22&#8243; custom_padding=&#8221;||0px|||&#8221;][et_pb_row _builder_version=&#8221;4.9.3&#8243; _module_preset=&#8221;default&#8221; custom_padding=&#8221;||23px|||&#8221; animation_style=&#8221;slide&#8221; animation_duration=&#8221;500ms&#8221;][et_pb_column type=&#8221;4_4&#8243; _builder_version=&#8221;4.9.3&#8243; _module_preset=&#8221;default&#8221;][et_pb_text _builder_version=&#8221;4.9.3&#8243; _module_preset=&#8221;default&#8221; header_font=&#8221;|700|||||||&#8221; custom_padding=&#8221;2px|||||&#8221;] Centro de Desenvolvimento Comunit\u00e1rio e Ambiental de Djabula [\/et_pb_text][et_pb_divider color=&#8221;#5e5e5e&#8221; _builder_version=&#8221;4.9.3&#8243; _module_preset=&#8221;default&#8221; min_height=&#8221;9.4px&#8221; custom_margin=&#8221;15px|||||&#8221;][\/et_pb_divider][et_pb_text _builder_version=&#8221;4.9.3&#8243; _module_preset=&#8221;default&#8221; custom_margin=&#8221;-14px|||||&#8221;] Desde 2003 a criar inova\u00e7\u00e3o e a partilhar conhecimento [\/et_pb_text][et_pb_divider color=&#8221;#5e5e5e&#8221; _builder_version=&#8221;4.9.3&#8243; [&hellip;]<\/p>\n","protected":false},"author":2,"featured_media":0,"parent":0,"menu_order":0,"comment_status":"closed","ping_status":"closed","template":"","meta":{"_et_pb_use_builder":"on","_et_pb_old_content":"(Portugu\u00eas) Cada pessoa \u00e9 o centro do Desenvolvimento, participando em todas as etapas dos projetos, seja em comunidade ou em grupos mais pequenos que expressam posi\u00e7\u00f5es comuns de forma democr\u00e1tica.\r\nOs projectos s\u00e3o hol\u00edsticos e integrados. A sua concep\u00e7\u00e3o e implementa\u00e7\u00e3o \u00e9 feita com as comunidades locais, visando a sustentabilidade.","_et_gb_content_width":"","_monsterinsights_skip_tracking":false,"_monsterinsights_sitenote_active":false,"_monsterinsights_sitenote_note":"","_monsterinsights_sitenote_category":0,"footnotes":""},"class_list":["post-32711","page","type-page","status-publish","hentry"],"_links":{"self":[{"href":"https:\/\/vida.org.pt\/en\/wp-json\/wp\/v2\/pages\/32711","targetHints":{"allow":["GET"]}}],"collection":[{"href":"https:\/\/vida.org.pt\/en\/wp-json\/wp\/v2\/pages"}],"about":[{"href":"https:\/\/vida.org.pt\/en\/wp-json\/wp\/v2\/types\/page"}],"author":[{"embeddable":true,"href":"https:\/\/vida.org.pt\/en\/wp-json\/wp\/v2\/users\/2"}],"replies":[{"embeddable":true,"href":"https:\/\/vida.org.pt\/en\/wp-json\/wp\/v2\/comments?post=32711"}],"version-history":[{"count":27,"href":"https:\/\/vida.org.pt\/en\/wp-json\/wp\/v2\/pages\/32711\/revisions"}],"predecessor-version":[{"id":34975,"href":"https:\/\/vida.org.pt\/en\/wp-json\/wp\/v2\/pages\/32711\/revisions\/34975"}],"wp:attachment":[{"href":"https:\/\/vida.org.pt\/en\/wp-json\/wp\/v2\/media?parent=32711"}],"curies":[{"name":"wp","href":"https:\/\/api.w.org\/{rel}","templated":true}]}}