{"id":29006,"date":"2018-11-06T14:49:27","date_gmt":"2018-11-06T14:49:27","guid":{"rendered":"http:\/\/vida.org.pt\/?page_id=29006"},"modified":"2019-03-12T16:35:51","modified_gmt":"2019-03-12T16:35:51","slug":"conferencia-saude-comunitaria-bissau","status":"publish","type":"page","link":"https:\/\/vida.org.pt\/en\/conferencia-saude-comunitaria-bissau\/","title":{"rendered":"(Portugu\u00eas) II Confer\u00eancia em Sa\u00fade Comunit\u00e1ria &#8211; Guin\u00e9-Bissau"},"content":{"rendered":"<p class=\"qtranxs-available-languages-message qtranxs-available-languages-message-en\">Sorry, this entry is only available in <a href=\"https:\/\/vida.org.pt\/pt\/wp-json\/wp\/v2\/pages\/29006\" class=\"qtranxs-available-language-link qtranxs-available-language-link-pt\" title=\"Portugu\u00eas\">Portugu\u00eas<\/a>.<\/p>","protected":false},"excerpt":{"rendered":"<p>Sorry, this entry is only available in Portugu\u00eas.<\/p>\n","protected":false},"author":2,"featured_media":0,"parent":0,"menu_order":0,"comment_status":"closed","ping_status":"closed","template":"","meta":{"_et_pb_use_builder":"","_et_pb_old_content":"","_et_gb_content_width":"","_monsterinsights_skip_tracking":false,"_monsterinsights_sitenote_active":false,"_monsterinsights_sitenote_note":"","_monsterinsights_sitenote_category":0,"footnotes":""},"class_list":["post-29006","page","type-page","status-publish","hentry"],"_links":{"self":[{"href":"https:\/\/vida.org.pt\/en\/wp-json\/wp\/v2\/pages\/29006","targetHints":{"allow":["GET"]}}],"collection":[{"href":"https:\/\/vida.org.pt\/en\/wp-json\/wp\/v2\/pages"}],"about":[{"href":"https:\/\/vida.org.pt\/en\/wp-json\/wp\/v2\/types\/page"}],"author":[{"embeddable":true,"href":"https:\/\/vida.org.pt\/en\/wp-json\/wp\/v2\/users\/2"}],"replies":[{"embeddable":true,"href":"https:\/\/vida.org.pt\/en\/wp-json\/wp\/v2\/comments?post=29006"}],"version-history":[{"count":59,"href":"https:\/\/vida.org.pt\/en\/wp-json\/wp\/v2\/pages\/29006\/revisions"}],"predecessor-version":[{"id":29335,"href":"https:\/\/vida.org.pt\/en\/wp-json\/wp\/v2\/pages\/29006\/revisions\/29335"}],"wp:attachment":[{"href":"https:\/\/vida.org.pt\/en\/wp-json\/wp\/v2\/media?parent=29006"}],"curies":[{"name":"wp","href":"https:\/\/api.w.org\/{rel}","templated":true}]}}