{"id":26323,"date":"2017-03-10T15:15:39","date_gmt":"2017-03-10T15:15:39","guid":{"rendered":"http:\/\/vida.org.pt\/?page_id=26323"},"modified":"2018-07-18T13:18:46","modified_gmt":"2018-07-18T13:18:46","slug":"tempo-disponivel","status":"publish","type":"page","link":"https:\/\/vida.org.pt\/en\/o-que-fazemos\/impacto\/tempo-disponivel\/","title":{"rendered":"Tempo dispon\u00edvel"},"content":{"rendered":"<p>[et_pb_section admin_label=&#8221;section&#8221; background_color=&#8221;#6aceb6&#8243; inner_shadow=&#8221;on&#8221; fullwidth=&#8221;on&#8221; background_image=&#8221;http:\/\/vida.org.pt\/wp-content\/uploads\/2017\/02\/1932522_10152787605436185_250817005812667417_o.jpg&#8221; transparent_background=&#8221;off&#8221; allow_player_pause=&#8221;off&#8221; parallax=&#8221;off&#8221; parallax_method=&#8221;off&#8221; padding_mobile=&#8221;off&#8221; make_fullwidth=&#8221;off&#8221; use_custom_width=&#8221;off&#8221; width_unit=&#8221;on&#8221; make_equal=&#8221;off&#8221; use_custom_gutter=&#8221;off&#8221;][et_pb_fullwidth_header admin_label=&#8221;Fullwidth Header&#8221; title=&#8221;Available time&#8221; background_layout=&#8221;dark&#8221; text_orientation=&#8221;left&#8221; header_fullscreen=&#8221;off&#8221; header_scroll_down=&#8221;off&#8221; parallax=&#8221;off&#8221; parallax_method=&#8221;off&#8221; content_orientation=&#8221;center&#8221; image_orientation=&#8221;center&#8221; custom_button_one=&#8221;off&#8221; button_one_letter_spacing=&#8221;0&#8243; button_one_use_icon=&#8221;default&#8221; button_one_icon_placement=&#8221;right&#8221; button_one_on_hover=&#8221;on&#8221; button_one_letter_spacing_hover=&#8221;0&#8243; custom_button_two=&#8221;off&#8221; button_two_letter_spacing=&#8221;0&#8243; button_two_use_icon=&#8221;default&#8221; button_two_icon_placement=&#8221;right&#8221; button_two_on_hover=&#8221;on&#8221; button_two_letter_spacing_hover=&#8221;0&#8243; background_color=&#8221;rgba(0,0,0,0.47)&#8221;] [\/et_pb_fullwidth_header][\/et_pb_section][et_pb_section admin_label=&#8221;section&#8221;][et_pb_row admin_label=&#8221;row&#8221;][et_pb_column type=&#8221;4_4&#8243;][et_pb_text admin_label=&#8221;Texto&#8221; background_layout=&#8221;light&#8221; text_orientation=&#8221;left&#8221; use_border_color=&#8221;off&#8221; border_color=&#8221;#ffffff&#8221; border_style=&#8221;solid&#8221;]<\/p>\n<ul>\n<li>The construction of Health Units, within a radius of 5 km from the communities, allowed them the access to medical services, and also allowed the mothers to do several tasks in the same day: they are able to take their children to the next health unit to weight the children, and also to perform all the other daily tasks essential as water collection, cooking and working in their gardens.<\/li>\n<li>The access to water wells, which are closer to family dwellings, allows people (mostly women and children) to spend less time collecting water, in order to so concentrate their energies on other activities. Thus, women have more time for productive activities and children have a time to go to school.<\/li>\n<\/ul>\n<p>[\/et_pb_text][\/et_pb_column][\/et_pb_row][et_pb_row admin_label=&#8221;Linha&#8221;][et_pb_column type=&#8221;4_4&#8243;][et_pb_button admin_label=&#8221;Bot\u00e3o&#8221; button_url=&#8221;https:\/\/vida.org.pt\/en\/o-que-fazemos\/impacto\/&#8221; url_new_window=&#8221;off&#8221; button_text=&#8221;Impact&#8221; button_alignment=&#8221;left&#8221; background_layout=&#8221;light&#8221; custom_button=&#8221;on&#8221; button_text_size=&#8221;14&#8243; button_letter_spacing=&#8221;0&#8243; button_use_icon=&#8221;default&#8221; button_icon_placement=&#8221;right&#8221; button_on_hover=&#8221;on&#8221; button_letter_spacing_hover=&#8221;0&#8243;] [\/et_pb_button][\/et_pb_column][\/et_pb_row][\/et_pb_section]<\/p>","protected":false},"excerpt":{"rendered":"<p>[et_pb_section admin_label=&#8221;section&#8221; background_color=&#8221;#6aceb6&#8243; inner_shadow=&#8221;on&#8221; fullwidth=&#8221;on&#8221; background_image=&#8221;http:\/\/vida.org.pt\/wp-content\/uploads\/2017\/02\/1932522_10152787605436185_250817005812667417_o.jpg&#8221; transparent_background=&#8221;off&#8221; allow_player_pause=&#8221;off&#8221; parallax=&#8221;off&#8221; parallax_method=&#8221;off&#8221; padding_mobile=&#8221;off&#8221; make_fullwidth=&#8221;off&#8221; use_custom_width=&#8221;off&#8221; width_unit=&#8221;on&#8221; make_equal=&#8221;off&#8221; use_custom_gutter=&#8221;off&#8221;][et_pb_fullwidth_header admin_label=&#8221;Fullwidth Header&#8221; title=&#8221;Available time&#8221; background_layout=&#8221;dark&#8221; text_orientation=&#8221;left&#8221; header_fullscreen=&#8221;off&#8221; header_scroll_down=&#8221;off&#8221; parallax=&#8221;off&#8221; parallax_method=&#8221;off&#8221; content_orientation=&#8221;center&#8221; image_orientation=&#8221;center&#8221; custom_button_one=&#8221;off&#8221; button_one_letter_spacing=&#8221;0&#8243; button_one_use_icon=&#8221;default&#8221; button_one_icon_placement=&#8221;right&#8221; button_one_on_hover=&#8221;on&#8221; button_one_letter_spacing_hover=&#8221;0&#8243; custom_button_two=&#8221;off&#8221; button_two_letter_spacing=&#8221;0&#8243; button_two_use_icon=&#8221;default&#8221; button_two_icon_placement=&#8221;right&#8221; button_two_on_hover=&#8221;on&#8221; button_two_letter_spacing_hover=&#8221;0&#8243; background_color=&#8221;rgba(0,0,0,0.47)&#8221;] [\/et_pb_fullwidth_header][\/et_pb_section][et_pb_section admin_label=&#8221;section&#8221;][et_pb_row admin_label=&#8221;row&#8221;][et_pb_column type=&#8221;4_4&#8243;][et_pb_text admin_label=&#8221;Texto&#8221; background_layout=&#8221;light&#8221; text_orientation=&#8221;left&#8221; use_border_color=&#8221;off&#8221; border_color=&#8221;#ffffff&#8221; border_style=&#8221;solid&#8221;] The construction of Health [&hellip;]<\/p>\n","protected":false},"author":1,"featured_media":0,"parent":25559,"menu_order":0,"comment_status":"closed","ping_status":"closed","template":"","meta":{"_et_pb_use_builder":"on","_et_pb_old_content":"<p class=\"p1\"><span class=\"s1\">- A constru\u00e7\u00e3o das Unidades de Sa\u00fade num m\u00e1ximo de 5 Km das comunidades permitiu o acesso a servi\u00e7os ou pessoal de sa\u00fade de forma r\u00e1pida, permitindo \u00e1s m\u00e3es n\u00e3o s\u00f3 deslocarem-se \u00e0 pesagem das crian\u00e7as como, tamb\u00e9m no mesmo dia, poderem realizar todas as outras tarefas di\u00e1rias imprescind\u00edveis: recolha de \u00e1gua, cozinhar e trabalhar no campo.<\/span><\/p><p class=\"p1\"><span class=\"s1\">- O acesso aos po\u00e7os de \u00e1gua melhorados e mais pr\u00f3ximos das habita\u00e7\u00f5es das fam\u00edlias permite \u00e1s pessoas (maioritariamente mulheres e crian\u00e7as) despenderem menos tempo no percurso para a recolha da \u00e1gua, e assim puderem concentrar as suas energias para outras atividades. As mulheres ficam com mais tempo para as atividades produtivas e as crian\u00e7as para irem \u00e0 escola.<\/span><\/p>","_et_gb_content_width":"","_monsterinsights_skip_tracking":false,"_monsterinsights_sitenote_active":false,"_monsterinsights_sitenote_note":"","_monsterinsights_sitenote_category":0,"footnotes":""},"class_list":["post-26323","page","type-page","status-publish","hentry"],"_links":{"self":[{"href":"https:\/\/vida.org.pt\/en\/wp-json\/wp\/v2\/pages\/26323","targetHints":{"allow":["GET"]}}],"collection":[{"href":"https:\/\/vida.org.pt\/en\/wp-json\/wp\/v2\/pages"}],"about":[{"href":"https:\/\/vida.org.pt\/en\/wp-json\/wp\/v2\/types\/page"}],"author":[{"embeddable":true,"href":"https:\/\/vida.org.pt\/en\/wp-json\/wp\/v2\/users\/1"}],"replies":[{"embeddable":true,"href":"https:\/\/vida.org.pt\/en\/wp-json\/wp\/v2\/comments?post=26323"}],"version-history":[{"count":17,"href":"https:\/\/vida.org.pt\/en\/wp-json\/wp\/v2\/pages\/26323\/revisions"}],"predecessor-version":[{"id":28816,"href":"https:\/\/vida.org.pt\/en\/wp-json\/wp\/v2\/pages\/26323\/revisions\/28816"}],"up":[{"embeddable":true,"href":"https:\/\/vida.org.pt\/en\/wp-json\/wp\/v2\/pages\/25559"}],"wp:attachment":[{"href":"https:\/\/vida.org.pt\/en\/wp-json\/wp\/v2\/media?parent=26323"}],"curies":[{"name":"wp","href":"https:\/\/api.w.org\/{rel}","templated":true}]}}