{"id":26315,"date":"2017-03-10T15:11:22","date_gmt":"2017-03-10T15:11:22","guid":{"rendered":"http:\/\/vida.org.pt\/?page_id=26315"},"modified":"2017-07-12T14:53:18","modified_gmt":"2017-07-12T14:53:18","slug":"saude-comunitaria-e-materno-infantil","status":"publish","type":"page","link":"https:\/\/vida.org.pt\/en\/o-que-fazemos\/impacto\/saude-comunitaria-e-materno-infantil\/","title":{"rendered":"Communitary Health | Maternal and child Health"},"content":{"rendered":"<p>[et_pb_section admin_label=&#8221;section&#8221; background_color=&#8221;#6aceb6&#8243; inner_shadow=&#8221;on&#8221; fullwidth=&#8221;on&#8221; background_image=&#8221;http:\/\/vida.org.pt\/wp-content\/uploads\/2016\/11\/01.png&#8221; transparent_background=&#8221;off&#8221; allow_player_pause=&#8221;off&#8221; parallax=&#8221;off&#8221; parallax_method=&#8221;off&#8221; padding_mobile=&#8221;off&#8221; make_fullwidth=&#8221;off&#8221; use_custom_width=&#8221;off&#8221; width_unit=&#8221;on&#8221; make_equal=&#8221;off&#8221; use_custom_gutter=&#8221;off&#8221;][et_pb_fullwidth_header admin_label=&#8221;Fullwidth Header&#8221; title=&#8221;Communitary Health | Maternal and child Health&#8221; background_layout=&#8221;dark&#8221; text_orientation=&#8221;left&#8221; header_fullscreen=&#8221;off&#8221; header_scroll_down=&#8221;off&#8221; parallax=&#8221;off&#8221; parallax_method=&#8221;off&#8221; content_orientation=&#8221;center&#8221; image_orientation=&#8221;center&#8221; custom_button_one=&#8221;off&#8221; button_one_letter_spacing=&#8221;0&#8243; button_one_use_icon=&#8221;default&#8221; button_one_icon_placement=&#8221;right&#8221; button_one_on_hover=&#8221;on&#8221; button_one_letter_spacing_hover=&#8221;0&#8243; custom_button_two=&#8221;off&#8221; button_two_letter_spacing=&#8221;0&#8243; button_two_use_icon=&#8221;default&#8221; button_two_icon_placement=&#8221;right&#8221; button_two_on_hover=&#8221;on&#8221; button_two_letter_spacing_hover=&#8221;0&#8243; background_color=&#8221;rgba(0,0,0,0.47)&#8221;] [\/et_pb_fullwidth_header][\/et_pb_section][et_pb_section admin_label=&#8221;section&#8221;][et_pb_row admin_label=&#8221;row&#8221;][et_pb_column type=&#8221;4_4&#8243;][et_pb_text admin_label=&#8221;Texto&#8221; background_layout=&#8221;light&#8221; text_orientation=&#8221;left&#8221; use_border_color=&#8221;off&#8221; border_color=&#8221;#ffffff&#8221; border_style=&#8221;solid&#8221;]<\/p>\n<ul>\n<li class=\"p2\"><span class=\"s1\">53 Community Health Units and 3 Houses of Mothers were built and rehabilitated (Varela, Suzana e S\u00e3o Domingos)<br \/>\n<\/span><\/li>\n<li class=\"p2\"><span class=\"s1\">17 Health Centers were reabilitated and equipped with water system<\/span><\/li>\n<li class=\"p2\"><span class=\"s1\">1 Communitary Healthcare Centre was built for pregnant women and children under 5 years know as Centro Comunit\u00e1rio Materno-Infantil de S\u00e3o Domingos (Guinea Bissau)<\/span><\/li>\n<li class=\"p2\"><span class=\"s1\">1100 Communitary Health Agents are trained and following the families in Bissau<\/span><\/li>\n<li class=\"p3\"><span class=\"s1\">9 Management Committees of the Community-based Health Financing Scheme constituted in 9 <em>\u201ctabanka<\/em><i>s\u201d <\/i>(villages)<\/span><\/li>\n<\/ul>\n<p>[\/et_pb_text][\/et_pb_column][\/et_pb_row][et_pb_row admin_label=&#8221;row&#8221; make_fullwidth=&#8221;off&#8221; use_custom_width=&#8221;off&#8221; width_unit=&#8221;on&#8221; use_custom_gutter=&#8221;off&#8221; padding_mobile=&#8221;off&#8221; allow_player_pause=&#8221;off&#8221; parallax=&#8221;off&#8221; parallax_method=&#8221;off&#8221; make_equal=&#8221;off&#8221; parallax_1=&#8221;off&#8221; parallax_method_1=&#8221;off&#8221; column_padding_mobile=&#8221;on&#8221;][et_pb_column type=&#8221;4_4&#8243;][et_pb_button admin_label=&#8221;Bot\u00e3o&#8221; button_url=&#8221;https:\/\/vida.org.pt\/en\/o-que-fazemos\/impacto\/&#8221; url_new_window=&#8221;off&#8221; button_text=&#8221;Impact&#8221; button_alignment=&#8221;left&#8221; background_layout=&#8221;light&#8221; custom_button=&#8221;on&#8221; button_letter_spacing=&#8221;0&#8243; button_use_icon=&#8221;default&#8221; button_icon_placement=&#8221;right&#8221; button_on_hover=&#8221;on&#8221; button_letter_spacing_hover=&#8221;0&#8243; button_text_size=&#8221;14&#8243;] [\/et_pb_button][\/et_pb_column][\/et_pb_row][\/et_pb_section]<\/p>","protected":false},"excerpt":{"rendered":"<p>[et_pb_section admin_label=&#8221;section&#8221; background_color=&#8221;#6aceb6&#8243; inner_shadow=&#8221;on&#8221; fullwidth=&#8221;on&#8221; background_image=&#8221;http:\/\/vida.org.pt\/wp-content\/uploads\/2016\/11\/01.png&#8221; transparent_background=&#8221;off&#8221; allow_player_pause=&#8221;off&#8221; parallax=&#8221;off&#8221; parallax_method=&#8221;off&#8221; padding_mobile=&#8221;off&#8221; make_fullwidth=&#8221;off&#8221; use_custom_width=&#8221;off&#8221; width_unit=&#8221;on&#8221; make_equal=&#8221;off&#8221; use_custom_gutter=&#8221;off&#8221;][et_pb_fullwidth_header admin_label=&#8221;Fullwidth Header&#8221; title=&#8221;Communitary Health | Maternal and child Health&#8221; background_layout=&#8221;dark&#8221; text_orientation=&#8221;left&#8221; header_fullscreen=&#8221;off&#8221; header_scroll_down=&#8221;off&#8221; parallax=&#8221;off&#8221; parallax_method=&#8221;off&#8221; content_orientation=&#8221;center&#8221; image_orientation=&#8221;center&#8221; custom_button_one=&#8221;off&#8221; button_one_letter_spacing=&#8221;0&#8243; button_one_use_icon=&#8221;default&#8221; button_one_icon_placement=&#8221;right&#8221; button_one_on_hover=&#8221;on&#8221; button_one_letter_spacing_hover=&#8221;0&#8243; custom_button_two=&#8221;off&#8221; button_two_letter_spacing=&#8221;0&#8243; button_two_use_icon=&#8221;default&#8221; button_two_icon_placement=&#8221;right&#8221; button_two_on_hover=&#8221;on&#8221; button_two_letter_spacing_hover=&#8221;0&#8243; background_color=&#8221;rgba(0,0,0,0.47)&#8221;] [\/et_pb_fullwidth_header][\/et_pb_section][et_pb_section admin_label=&#8221;section&#8221;][et_pb_row admin_label=&#8221;row&#8221;][et_pb_column type=&#8221;4_4&#8243;][et_pb_text admin_label=&#8221;Texto&#8221; background_layout=&#8221;light&#8221; text_orientation=&#8221;left&#8221; use_border_color=&#8221;off&#8221; border_color=&#8221;#ffffff&#8221; [&hellip;]<\/p>\n","protected":false},"author":1,"featured_media":0,"parent":25559,"menu_order":0,"comment_status":"closed","ping_status":"closed","template":"","meta":{"_et_pb_use_builder":"on","_et_pb_old_content":"<p>\u2013 Foram constru\u00eddas e equipadas 53 Unidades de Sa\u00fade Comunit\u00e1ria e 3 Casas das M\u00e3es (Varela, Suzana e S\u00e3o Domingos).<\/p><p class=\"p1\"><span class=\"s1\">\u2013 Foram reabilitados 17 Centros de Sa\u00fade equipados com sistema de \u00e1gua.<\/span><\/p><p class=\"p1\"><span class=\"s1\">\u2013 Foi constru\u00eddo e equipado o Centro Comunit\u00e1rio Materno-Infantil de S\u00e3o Domingos.<\/span><\/p><p class=\"p1\"><span class=\"s1\">\u2013 720 Agentes de Sa\u00fade Comunit\u00e1ria foram formados para promo\u00e7\u00e3o das 16 Pr\u00e1ticas Familiares Essenciais e acompanhamento na sa\u00fade materno-infantil das fam\u00edlias.<\/span><\/p><p class=\"p1\"><span class=\"s1\">\u2013 Foram criados 9 comit\u00e9s de gest\u00e3o do Sistema de Mutualidades de Sa\u00fade distribu\u00eddos por 9 tabancas de Suzana e de Varela.<\/span><\/p>","_et_gb_content_width":"","_monsterinsights_skip_tracking":false,"_monsterinsights_sitenote_active":false,"_monsterinsights_sitenote_note":"","_monsterinsights_sitenote_category":0,"footnotes":""},"class_list":["post-26315","page","type-page","status-publish","hentry"],"_links":{"self":[{"href":"https:\/\/vida.org.pt\/en\/wp-json\/wp\/v2\/pages\/26315","targetHints":{"allow":["GET"]}}],"collection":[{"href":"https:\/\/vida.org.pt\/en\/wp-json\/wp\/v2\/pages"}],"about":[{"href":"https:\/\/vida.org.pt\/en\/wp-json\/wp\/v2\/types\/page"}],"author":[{"embeddable":true,"href":"https:\/\/vida.org.pt\/en\/wp-json\/wp\/v2\/users\/1"}],"replies":[{"embeddable":true,"href":"https:\/\/vida.org.pt\/en\/wp-json\/wp\/v2\/comments?post=26315"}],"version-history":[{"count":25,"href":"https:\/\/vida.org.pt\/en\/wp-json\/wp\/v2\/pages\/26315\/revisions"}],"predecessor-version":[{"id":27748,"href":"https:\/\/vida.org.pt\/en\/wp-json\/wp\/v2\/pages\/26315\/revisions\/27748"}],"up":[{"embeddable":true,"href":"https:\/\/vida.org.pt\/en\/wp-json\/wp\/v2\/pages\/25559"}],"wp:attachment":[{"href":"https:\/\/vida.org.pt\/en\/wp-json\/wp\/v2\/media?parent=26315"}],"curies":[{"name":"wp","href":"https:\/\/api.w.org\/{rel}","templated":true}]}}